{"id":3349,"date":"2025-11-11T09:45:25","date_gmt":"2025-11-11T09:45:25","guid":{"rendered":"https:\/\/poliklinikanatal.me\/doktor-randevulari\/"},"modified":"2025-12-04T16:54:08","modified_gmt":"2025-12-04T16:54:08","slug":"doktor-randevulari","status":"publish","type":"page","link":"https:\/\/poliklinikanatal.me\/tr\/doktor-randevulari\/","title":{"rendered":"Doktor Randevular\u0131"},"content":{"rendered":"\t\t<div data-elementor-type=\"wp-page\" data-elementor-id=\"3349\" class=\"elementor elementor-3349 elementor-444\" data-elementor-post-type=\"page\">\n\t\t\t\t<div class=\"elementor-element elementor-element-eb94acb e-flex e-con-boxed e-con e-parent\" data-id=\"eb94acb\" data-element_type=\"container\" data-settings=\"{&quot;background_background&quot;:&quot;classic&quot;,&quot;jet_parallax_layout_list&quot;:[]}\">\n\t\t\t\t\t<div class=\"e-con-inner\">\n\t\t\t\t<div class=\"elementor-element elementor-element-55c7da8 elementor-invisible elementor-widget elementor-widget-heading\" data-id=\"55c7da8\" data-element_type=\"widget\" data-settings=\"{&quot;_animation&quot;:&quot;fadeInLeft&quot;}\" data-widget_type=\"heading.default\">\n\t\t\t\t\t<h1 class=\"elementor-heading-title elementor-size-default\">Doktor Randevular\u0131<\/h1>\t\t\t\t<\/div>\n\t\t\t\t<div class=\"elementor-element elementor-element-9172285 elementor-invisible elementor-widget elementor-widget-jet-breadcrumbs\" data-id=\"9172285\" data-element_type=\"widget\" data-settings=\"{&quot;_animation&quot;:&quot;fadeIn&quot;}\" data-widget_type=\"jet-breadcrumbs.default\">\n\t\t\t\t<div class=\"elementor-widget-container\">\n\t\t\t\t\t<div class=\"elementor-jet-breadcrumbs jet-blocks\">\n\t\t<div class=\"jet-breadcrumbs\">\n\t\t<div class=\"jet-breadcrumbs__content\">\n\t\t<div class=\"jet-breadcrumbs__wrap\"><div class=\"jet-breadcrumbs__item\"><a href=\"https:\/\/poliklinikanatal.me\/tr\/\" class=\"jet-breadcrumbs__item-link is-home\" rel=\"home\" title=\"Ana Sayfa\">Ana Sayfa<\/a><\/div>\n\t\t<\/div>\n\t\t<\/div>\n\t\t<\/div><\/div>\t\t\t\t<\/div>\n\t\t\t\t<\/div>\n\t\t\t\t\t<\/div>\n\t\t\t\t<\/div>\n\t\t<div class=\"elementor-element elementor-element-7eb5b61 e-flex e-con-boxed e-con e-parent\" data-id=\"7eb5b61\" data-element_type=\"container\" data-settings=\"{&quot;jet_parallax_layout_list&quot;:[]}\">\n\t\t\t\t\t<div class=\"e-con-inner\">\n\t\t<div class=\"elementor-element elementor-element-2780746 e-con-full e-flex elementor-invisible e-con e-child\" data-id=\"2780746\" data-element_type=\"container\" data-settings=\"{&quot;jet_parallax_layout_list&quot;:[],&quot;animation&quot;:&quot;fadeInUp&quot;}\">\n\t\t\t\t<div class=\"elementor-element elementor-element-a99c21e elementor-widget-divider--view-line elementor-widget elementor-widget-divider\" data-id=\"a99c21e\" data-element_type=\"widget\" data-widget_type=\"divider.default\">\n\t\t\t\t\t\t\t<div class=\"elementor-divider\">\n\t\t\t<span class=\"elementor-divider-separator\">\n\t\t\t\t\t\t<\/span>\n\t\t<\/div>\n\t\t\t\t\t\t<\/div>\n\t\t<div class=\"elementor-element elementor-element-98bbca2 e-con-full e-flex e-con e-child\" data-id=\"98bbca2\" data-element_type=\"container\" data-settings=\"{&quot;jet_parallax_layout_list&quot;:[]}\">\n\t\t\t\t<div class=\"elementor-element elementor-element-d39a83c elementor-widget elementor-widget-text-editor\" data-id=\"d39a83c\" data-element_type=\"widget\" data-widget_type=\"text-editor.default\">\n\t\t\t\t\t\t\t\t\t<h2>Doktor Randevular\u0131<\/h2>\t\t\t\t\t\t\t\t<\/div>\n\t\t\t\t<\/div>\n\t\t\t\t<div class=\"elementor-element elementor-element-1d32921 elementor-widget elementor-widget-text-editor\" data-id=\"1d32921\" data-element_type=\"widget\" data-widget_type=\"text-editor.default\">\n\t\t\t\t\t\t\t\t\t<p>Zaman\u0131nda randevu al\u0131n ve \u00f6ne ge\u00e7in. Sa\u011fl\u0131\u011f\u0131n\u0131z \u00f6nceli\u011fi hak ediyor! <\/p>\t\t\t\t\t\t\t\t<\/div>\n\t\t\t\t<\/div>\n\t\t\t\t<div class=\"elementor-element elementor-element-5aaf4f0 elementor-widget elementor-widget-jet-listing-grid\" data-id=\"5aaf4f0\" data-element_type=\"widget\" data-settings=\"{&quot;columns&quot;:3,&quot;columns_tablet&quot;:&quot;2&quot;,&quot;columns_mobile&quot;:&quot;1&quot;}\" data-widget_type=\"jet-listing-grid.default\">\n\t\t\t\t\t<div class=\"jet-listing-grid jet-listing\"><div class=\"jet-listing-grid__items grid-col-desk-3 grid-col-tablet-2 grid-col-mobile-1 jet-listing-grid--956\" data-queried-id=\"3349|WP_Post\" data-nav=\"{&quot;enabled&quot;:false,&quot;type&quot;:null,&quot;more_el&quot;:null,&quot;query&quot;:[],&quot;widget_settings&quot;:{&quot;lisitng_id&quot;:956,&quot;posts_num&quot;:20,&quot;columns&quot;:3,&quot;columns_tablet&quot;:2,&quot;columns_mobile&quot;:1,&quot;column_min_width&quot;:240,&quot;column_min_width_tablet&quot;:240,&quot;column_min_width_mobile&quot;:240,&quot;inline_columns_css&quot;:false,&quot;is_archive_template&quot;:&quot;&quot;,&quot;post_status&quot;:[&quot;publish&quot;],&quot;use_random_posts_num&quot;:&quot;&quot;,&quot;max_posts_num&quot;:9,&quot;not_found_message&quot;:&quot;Veri bulunamad\\u0131&quot;,&quot;is_masonry&quot;:false,&quot;equal_columns_height&quot;:&quot;&quot;,&quot;use_load_more&quot;:&quot;&quot;,&quot;load_more_id&quot;:&quot;&quot;,&quot;load_more_type&quot;:&quot;click&quot;,&quot;load_more_offset&quot;:{&quot;unit&quot;:&quot;px&quot;,&quot;size&quot;:0,&quot;sizes&quot;:[]},&quot;use_custom_post_types&quot;:&quot;&quot;,&quot;custom_post_types&quot;:[],&quot;hide_widget_if&quot;:&quot;&quot;,&quot;carousel_enabled&quot;:&quot;&quot;,&quot;slides_to_scroll&quot;:&quot;1&quot;,&quot;arrows&quot;:&quot;true&quot;,&quot;arrow_icon&quot;:&quot;fa fa-angle-left&quot;,&quot;dots&quot;:&quot;&quot;,&quot;autoplay&quot;:&quot;true&quot;,&quot;pause_on_hover&quot;:&quot;true&quot;,&quot;autoplay_speed&quot;:5000,&quot;infinite&quot;:&quot;true&quot;,&quot;center_mode&quot;:&quot;&quot;,&quot;effect&quot;:&quot;slide&quot;,&quot;speed&quot;:500,&quot;inject_alternative_items&quot;:&quot;&quot;,&quot;injection_items&quot;:[],&quot;scroll_slider_enabled&quot;:&quot;&quot;,&quot;scroll_slider_on&quot;:[&quot;desktop&quot;,&quot;tablet&quot;,&quot;mobile&quot;],&quot;custom_query&quot;:false,&quot;custom_query_id&quot;:&quot;&quot;,&quot;_element_id&quot;:&quot;&quot;,&quot;collapse_first_last_gap&quot;:false,&quot;list_tag_selection&quot;:&quot;&quot;,&quot;list_items_wrapper_tag&quot;:&quot;div&quot;,&quot;list_item_tag&quot;:&quot;div&quot;,&quot;empty_items_wrapper_tag&quot;:&quot;div&quot;}}\" data-page=\"1\" data-pages=\"1\" data-listing-source=\"posts\" data-listing-id=\"956\" data-query-id=\"\"><div class=\"jet-listing-grid__item jet-listing-dynamic-post-2150\" data-post-id=\"2150\"  ><style type=\"text\/css\">.jet-listing-dynamic-post-2150 .elementor-element.elementor-element-53c8ed1:not(.elementor-motion-effects-element-type-background), .jet-listing-dynamic-post-2150 .elementor-element.elementor-element-53c8ed1 > .elementor-motion-effects-container > .elementor-motion-effects-layer{background-image:url(\"https:\/\/poliklinikanatal.me\/wp-content\/uploads\/2026\/01\/54.webp\");}<\/style>\t\t<div data-elementor-type=\"jet-listing-items\" data-elementor-id=\"3316\" class=\"elementor elementor-3316 elementor-956\" data-elementor-post-type=\"jet-engine\">\n\t\t\t\t<div class=\"elementor-element elementor-element-6cbdb91 e-con-full e-flex e-con e-child\" data-id=\"6cbdb91\" data-element_type=\"container\" data-settings=\"{&quot;background_background&quot;:&quot;classic&quot;,&quot;jet_parallax_layout_list&quot;:[]}\">\n\t\t<div class=\"elementor-element elementor-element-53c8ed1 e-con-full e-flex e-con e-child\" data-id=\"53c8ed1\" data-element_type=\"container\" data-settings=\"{&quot;background_background&quot;:&quot;classic&quot;,&quot;jet_parallax_layout_list&quot;:[]}\">\n\t\t\t\t<\/div>\n\t\t<div class=\"elementor-element elementor-element-2701443 e-con-full e-flex e-con e-child\" data-id=\"2701443\" data-element_type=\"container\" data-settings=\"{&quot;jet_parallax_layout_list&quot;:[]}\">\n\t\t<div class=\"elementor-element elementor-element-94a02f3 e-con-full e-flex e-con e-child\" data-id=\"94a02f3\" data-element_type=\"container\" data-settings=\"{&quot;jet_parallax_layout_list&quot;:[]}\">\n\t\t\t\t<div class=\"elementor-element elementor-element-cccecb3 elementor-widget elementor-widget-jet-listing-dynamic-field\" data-id=\"cccecb3\" data-element_type=\"widget\" data-widget_type=\"jet-listing-dynamic-field.default\">\n\t\t\t\t\t<div class=\"jet-listing jet-listing-dynamic-field display-inline\"><div class=\"jet-listing-dynamic-field__inline-wrap\"><h6 class=\"jet-listing-dynamic-field__content\" >Prof. dr Nade\u017eda Basara<\/h6><\/div><\/div>\t\t\t\t<\/div>\n\t\t\t\t<div class=\"elementor-element elementor-element-c448400 elementor-widget elementor-widget-jet-listing-dynamic-field\" data-id=\"c448400\" data-element_type=\"widget\" data-widget_type=\"jet-listing-dynamic-field.default\">\n\t\t\t\t\t<div class=\"jet-listing jet-listing-dynamic-field display-inline\"><div class=\"jet-listing-dynamic-field__inline-wrap\"><h6 class=\"jet-listing-dynamic-field__content\" >5\u201317 Aral\u0131k aras\u0131  <\/h6><\/div><\/div>\t\t\t\t<\/div>\n\t\t\t\t<\/div>\n\t\t\t\t<div class=\"elementor-element elementor-element-b4d6b6e elementor-widget elementor-widget-button\" data-id=\"b4d6b6e\" data-element_type=\"widget\" data-widget_type=\"button.default\">\n\t\t\t\t\t\t\t\t\t\t<a class=\"elementor-button elementor-button-link elementor-size-sm\" href=\"https:\/\/poliklinikanatal.me\/tr\/iletisim\/\">\n\t\t\t\t\t\t<span class=\"elementor-button-content-wrapper\">\n\t\t\t\t\t\t\t\t\t<span class=\"elementor-button-text\">Randevu Al\u0131n<\/span>\n\t\t\t\t\t<\/span>\n\t\t\t\t\t<\/a>\n\t\t\t\t\t\t\t\t<\/div>\n\t\t\t\t<\/div>\n\t\t\t\t<\/div>\n\t\t\t\t<\/div>\n\t\t<\/div><div class=\"jet-listing-grid__item jet-listing-dynamic-post-2838\" data-post-id=\"2838\"  ><style type=\"text\/css\">.jet-listing-dynamic-post-2838 .elementor-element.elementor-element-53c8ed1:not(.elementor-motion-effects-element-type-background), .jet-listing-dynamic-post-2838 .elementor-element.elementor-element-53c8ed1 > .elementor-motion-effects-container > .elementor-motion-effects-layer{background-image:url(\"https:\/\/poliklinikanatal.me\/wp-content\/uploads\/2025\/12\/Prof.-dr-Dragana-Bogdanovic-Stojanovic.webp\");}<\/style>\t\t<div data-elementor-type=\"jet-listing-items\" data-elementor-id=\"3316\" class=\"elementor elementor-3316 elementor-956\" data-elementor-post-type=\"jet-engine\">\n\t\t\t\t<div class=\"elementor-element elementor-element-6cbdb91 e-con-full e-flex e-con e-child\" data-id=\"6cbdb91\" data-element_type=\"container\" data-settings=\"{&quot;background_background&quot;:&quot;classic&quot;,&quot;jet_parallax_layout_list&quot;:[]}\">\n\t\t<div class=\"elementor-element elementor-element-53c8ed1 e-con-full e-flex e-con e-child\" data-id=\"53c8ed1\" data-element_type=\"container\" data-settings=\"{&quot;background_background&quot;:&quot;classic&quot;,&quot;jet_parallax_layout_list&quot;:[]}\">\n\t\t\t\t<\/div>\n\t\t<div class=\"elementor-element elementor-element-2701443 e-con-full e-flex e-con e-child\" data-id=\"2701443\" data-element_type=\"container\" data-settings=\"{&quot;jet_parallax_layout_list&quot;:[]}\">\n\t\t<div class=\"elementor-element elementor-element-94a02f3 e-con-full e-flex e-con e-child\" data-id=\"94a02f3\" data-element_type=\"container\" data-settings=\"{&quot;jet_parallax_layout_list&quot;:[]}\">\n\t\t\t\t<div class=\"elementor-element elementor-element-cccecb3 elementor-widget elementor-widget-jet-listing-dynamic-field\" data-id=\"cccecb3\" data-element_type=\"widget\" data-widget_type=\"jet-listing-dynamic-field.default\">\n\t\t\t\t\t<div class=\"jet-listing jet-listing-dynamic-field display-inline\"><div class=\"jet-listing-dynamic-field__inline-wrap\"><h6 class=\"jet-listing-dynamic-field__content\" >Prof. dr Dragana Bogdanovi\u0107 Stojanovi\u0107<\/h6><\/div><\/div>\t\t\t\t<\/div>\n\t\t\t\t<div class=\"elementor-element elementor-element-c448400 elementor-widget elementor-widget-jet-listing-dynamic-field\" data-id=\"c448400\" data-element_type=\"widget\" data-widget_type=\"jet-listing-dynamic-field.default\">\n\t\t\t\t\t<div class=\"jet-listing jet-listing-dynamic-field display-inline\"><div class=\"jet-listing-dynamic-field__inline-wrap\"><h6 class=\"jet-listing-dynamic-field__content\" >18, 19. ve 20 Aral\u0131k<\/h6><\/div><\/div>\t\t\t\t<\/div>\n\t\t\t\t<\/div>\n\t\t\t\t<div class=\"elementor-element elementor-element-b4d6b6e elementor-widget elementor-widget-button\" data-id=\"b4d6b6e\" data-element_type=\"widget\" data-widget_type=\"button.default\">\n\t\t\t\t\t\t\t\t\t\t<a class=\"elementor-button elementor-button-link elementor-size-sm\" href=\"https:\/\/poliklinikanatal.me\/tr\/iletisim\/\">\n\t\t\t\t\t\t<span class=\"elementor-button-content-wrapper\">\n\t\t\t\t\t\t\t\t\t<span class=\"elementor-button-text\">Randevu Al\u0131n<\/span>\n\t\t\t\t\t<\/span>\n\t\t\t\t\t<\/a>\n\t\t\t\t\t\t\t\t<\/div>\n\t\t\t\t<\/div>\n\t\t\t\t<\/div>\n\t\t\t\t<\/div>\n\t\t<\/div><div class=\"jet-listing-grid__item jet-listing-dynamic-post-2200\" data-post-id=\"2200\"  ><style type=\"text\/css\">.jet-listing-dynamic-post-2200 .elementor-element.elementor-element-53c8ed1:not(.elementor-motion-effects-element-type-background), .jet-listing-dynamic-post-2200 .elementor-element.elementor-element-53c8ed1 > .elementor-motion-effects-container > .elementor-motion-effects-layer{background-image:url(\"https:\/\/poliklinikanatal.me\/wp-content\/uploads\/2025\/12\/68.webp\");}<\/style>\t\t<div data-elementor-type=\"jet-listing-items\" data-elementor-id=\"3316\" class=\"elementor elementor-3316 elementor-956\" data-elementor-post-type=\"jet-engine\">\n\t\t\t\t<div class=\"elementor-element elementor-element-6cbdb91 e-con-full e-flex e-con e-child\" data-id=\"6cbdb91\" data-element_type=\"container\" data-settings=\"{&quot;background_background&quot;:&quot;classic&quot;,&quot;jet_parallax_layout_list&quot;:[]}\">\n\t\t<div class=\"elementor-element elementor-element-53c8ed1 e-con-full e-flex e-con e-child\" data-id=\"53c8ed1\" data-element_type=\"container\" data-settings=\"{&quot;background_background&quot;:&quot;classic&quot;,&quot;jet_parallax_layout_list&quot;:[]}\">\n\t\t\t\t<\/div>\n\t\t<div class=\"elementor-element elementor-element-2701443 e-con-full e-flex e-con e-child\" data-id=\"2701443\" data-element_type=\"container\" data-settings=\"{&quot;jet_parallax_layout_list&quot;:[]}\">\n\t\t<div class=\"elementor-element elementor-element-94a02f3 e-con-full e-flex e-con e-child\" data-id=\"94a02f3\" data-element_type=\"container\" data-settings=\"{&quot;jet_parallax_layout_list&quot;:[]}\">\n\t\t\t\t<div class=\"elementor-element elementor-element-cccecb3 elementor-widget elementor-widget-jet-listing-dynamic-field\" data-id=\"cccecb3\" data-element_type=\"widget\" data-widget_type=\"jet-listing-dynamic-field.default\">\n\t\t\t\t\t<div class=\"jet-listing jet-listing-dynamic-field display-inline\"><div class=\"jet-listing-dynamic-field__inline-wrap\"><h6 class=\"jet-listing-dynamic-field__content\" >Dr sci. med. Sr\u0111an Sretenovi\u0107<\/h6><\/div><\/div>\t\t\t\t<\/div>\n\t\t\t\t<div class=\"elementor-element elementor-element-c448400 elementor-widget elementor-widget-jet-listing-dynamic-field\" data-id=\"c448400\" data-element_type=\"widget\" data-widget_type=\"jet-listing-dynamic-field.default\">\n\t\t\t\t\t<div class=\"jet-listing jet-listing-dynamic-field display-inline\"><div class=\"jet-listing-dynamic-field__inline-wrap\"><h6 class=\"jet-listing-dynamic-field__content\" >13. ve 14 Aral\u0131k<\/h6><\/div><\/div>\t\t\t\t<\/div>\n\t\t\t\t<\/div>\n\t\t\t\t<div class=\"elementor-element elementor-element-b4d6b6e elementor-widget elementor-widget-button\" data-id=\"b4d6b6e\" data-element_type=\"widget\" data-widget_type=\"button.default\">\n\t\t\t\t\t\t\t\t\t\t<a class=\"elementor-button elementor-button-link elementor-size-sm\" href=\"https:\/\/poliklinikanatal.me\/tr\/iletisim\/\">\n\t\t\t\t\t\t<span class=\"elementor-button-content-wrapper\">\n\t\t\t\t\t\t\t\t\t<span class=\"elementor-button-text\">Randevu Al\u0131n<\/span>\n\t\t\t\t\t<\/span>\n\t\t\t\t\t<\/a>\n\t\t\t\t\t\t\t\t<\/div>\n\t\t\t\t<\/div>\n\t\t\t\t<\/div>\n\t\t\t\t<\/div>\n\t\t<\/div><div class=\"jet-listing-grid__item jet-listing-dynamic-post-2206\" data-post-id=\"2206\"  ><style type=\"text\/css\">.jet-listing-dynamic-post-2206 .elementor-element.elementor-element-53c8ed1:not(.elementor-motion-effects-element-type-background), .jet-listing-dynamic-post-2206 .elementor-element.elementor-element-53c8ed1 > .elementor-motion-effects-container > .elementor-motion-effects-layer{background-image:url(\"https:\/\/poliklinikanatal.me\/wp-content\/uploads\/2026\/01\/52.webp\");}<\/style>\t\t<div data-elementor-type=\"jet-listing-items\" data-elementor-id=\"3316\" class=\"elementor elementor-3316 elementor-956\" data-elementor-post-type=\"jet-engine\">\n\t\t\t\t<div class=\"elementor-element elementor-element-6cbdb91 e-con-full e-flex e-con e-child\" data-id=\"6cbdb91\" data-element_type=\"container\" data-settings=\"{&quot;background_background&quot;:&quot;classic&quot;,&quot;jet_parallax_layout_list&quot;:[]}\">\n\t\t<div class=\"elementor-element elementor-element-53c8ed1 e-con-full e-flex e-con e-child\" data-id=\"53c8ed1\" data-element_type=\"container\" data-settings=\"{&quot;background_background&quot;:&quot;classic&quot;,&quot;jet_parallax_layout_list&quot;:[]}\">\n\t\t\t\t<\/div>\n\t\t<div class=\"elementor-element elementor-element-2701443 e-con-full e-flex e-con e-child\" data-id=\"2701443\" data-element_type=\"container\" data-settings=\"{&quot;jet_parallax_layout_list&quot;:[]}\">\n\t\t<div class=\"elementor-element elementor-element-94a02f3 e-con-full e-flex e-con e-child\" data-id=\"94a02f3\" data-element_type=\"container\" data-settings=\"{&quot;jet_parallax_layout_list&quot;:[]}\">\n\t\t\t\t<div class=\"elementor-element elementor-element-cccecb3 elementor-widget elementor-widget-jet-listing-dynamic-field\" data-id=\"cccecb3\" data-element_type=\"widget\" data-widget_type=\"jet-listing-dynamic-field.default\">\n\t\t\t\t\t<div class=\"jet-listing jet-listing-dynamic-field display-inline\"><div class=\"jet-listing-dynamic-field__inline-wrap\"><h6 class=\"jet-listing-dynamic-field__content\" >Dr Aleksandar Simi\u0107<\/h6><\/div><\/div>\t\t\t\t<\/div>\n\t\t\t\t<div class=\"elementor-element elementor-element-c448400 elementor-widget elementor-widget-jet-listing-dynamic-field\" data-id=\"c448400\" data-element_type=\"widget\" data-widget_type=\"jet-listing-dynamic-field.default\">\n\t\t\t\t\t<div class=\"jet-listing jet-listing-dynamic-field display-inline\"><div class=\"jet-listing-dynamic-field__inline-wrap\"><h6 class=\"jet-listing-dynamic-field__content\" >29. ve 30 Aral\u0131k<\/h6><\/div><\/div>\t\t\t\t<\/div>\n\t\t\t\t<\/div>\n\t\t\t\t<div class=\"elementor-element elementor-element-b4d6b6e elementor-widget elementor-widget-button\" data-id=\"b4d6b6e\" data-element_type=\"widget\" data-widget_type=\"button.default\">\n\t\t\t\t\t\t\t\t\t\t<a class=\"elementor-button elementor-button-link elementor-size-sm\" href=\"https:\/\/poliklinikanatal.me\/tr\/iletisim\/\">\n\t\t\t\t\t\t<span class=\"elementor-button-content-wrapper\">\n\t\t\t\t\t\t\t\t\t<span class=\"elementor-button-text\">Randevu Al\u0131n<\/span>\n\t\t\t\t\t<\/span>\n\t\t\t\t\t<\/a>\n\t\t\t\t\t\t\t\t<\/div>\n\t\t\t\t<\/div>\n\t\t\t\t<\/div>\n\t\t\t\t<\/div>\n\t\t<\/div><\/div><\/div>\t\t\t\t<\/div>\n\t\t\t\t\t<\/div>\n\t\t\t\t<\/div>\n\t\t\t\t<\/div>\n\t\t","protected":false},"excerpt":{"rendered":"<p>Doktor Randevular\u0131 Po\u010detna Doktor Randevular\u0131 Zaman\u0131nda randevu al\u0131n ve \u00f6ne ge\u00e7in. Sa\u011fl\u0131\u011f\u0131n\u0131z \u00f6nceli\u011fi hak ediyor! Prof. dr Nade\u017eda Basara Od 5. do 17. Decembra Zaka\u017eite Dr Igor Jeremi\u0107 3. 4. Decembar Zaka\u017eite Dr Zorica \u0106orac Zaka\u017eite Prof. dr Dragana Bogdanovi\u0107 Stojanovi\u0107 18. 19. 20. Decembar Zaka\u017eite Prof. dr \u017deljko Miju\u0161kovi\u0107 Unjieti Zaka\u017eite Prof. dr Jugoslav [&hellip;]<\/p>\n","protected":false},"author":1,"featured_media":2024,"parent":0,"menu_order":0,"comment_status":"closed","ping_status":"closed","template":"","meta":{"_seopress_robots_primary_cat":"","_seopress_titles_title":"","_seopress_titles_desc":"","_seopress_robots_index":"","footnotes":""},"class_list":["post-3349","page","type-page","status-publish","has-post-thumbnail","hentry"],"_links":{"self":[{"href":"https:\/\/poliklinikanatal.me\/tr\/wp-json\/wp\/v2\/pages\/3349","targetHints":{"allow":["GET"]}}],"collection":[{"href":"https:\/\/poliklinikanatal.me\/tr\/wp-json\/wp\/v2\/pages"}],"about":[{"href":"https:\/\/poliklinikanatal.me\/tr\/wp-json\/wp\/v2\/types\/page"}],"author":[{"embeddable":true,"href":"https:\/\/poliklinikanatal.me\/tr\/wp-json\/wp\/v2\/users\/1"}],"replies":[{"embeddable":true,"href":"https:\/\/poliklinikanatal.me\/tr\/wp-json\/wp\/v2\/comments?post=3349"}],"version-history":[{"count":1,"href":"https:\/\/poliklinikanatal.me\/tr\/wp-json\/wp\/v2\/pages\/3349\/revisions"}],"predecessor-version":[{"id":3350,"href":"https:\/\/poliklinikanatal.me\/tr\/wp-json\/wp\/v2\/pages\/3349\/revisions\/3350"}],"wp:featuredmedia":[{"embeddable":true,"href":"https:\/\/poliklinikanatal.me\/tr\/wp-json\/wp\/v2\/media\/2024"}],"wp:attachment":[{"href":"https:\/\/poliklinikanatal.me\/tr\/wp-json\/wp\/v2\/media?parent=3349"}],"curies":[{"name":"wp","href":"https:\/\/api.w.org\/{rel}","templated":true}]}}