{"id":3505,"date":"2025-11-11T09:45:03","date_gmt":"2025-11-11T09:45:03","guid":{"rendered":"https:\/\/poliklinikanatal.me\/iletisim\/"},"modified":"2025-12-14T16:24:31","modified_gmt":"2025-12-14T16:24:31","slug":"iletisim","status":"publish","type":"page","link":"https:\/\/poliklinikanatal.me\/tr\/iletisim\/","title":{"rendered":"\u0130leti\u015fim"},"content":{"rendered":"\t\t<div data-elementor-type=\"wp-page\" data-elementor-id=\"3505\" class=\"elementor elementor-3505 elementor-440\" data-elementor-post-type=\"page\">\n\t\t\t\t<div class=\"elementor-element elementor-element-891ee2a e-flex e-con-boxed e-con e-parent\" data-id=\"891ee2a\" data-element_type=\"container\" data-settings=\"{&quot;background_background&quot;:&quot;classic&quot;,&quot;jet_parallax_layout_list&quot;:[]}\">\n\t\t\t\t\t<div class=\"e-con-inner\">\n\t\t\t\t<div class=\"elementor-element elementor-element-27b5dd2 elementor-invisible elementor-widget elementor-widget-heading\" data-id=\"27b5dd2\" data-element_type=\"widget\" data-settings=\"{&quot;_animation&quot;:&quot;fadeInLeft&quot;}\" data-widget_type=\"heading.default\">\n\t\t\t\t\t<h1 class=\"elementor-heading-title elementor-size-default\">\u0130leti\u015fim<\/h1>\t\t\t\t<\/div>\n\t\t\t\t<div class=\"elementor-element elementor-element-b6887e3 elementor-invisible elementor-widget elementor-widget-jet-breadcrumbs\" data-id=\"b6887e3\" data-element_type=\"widget\" data-settings=\"{&quot;_animation&quot;:&quot;fadeIn&quot;}\" data-widget_type=\"jet-breadcrumbs.default\">\n\t\t\t\t<div class=\"elementor-widget-container\">\n\t\t\t\t\t<div class=\"elementor-jet-breadcrumbs jet-blocks\">\n\t\t<div class=\"jet-breadcrumbs\">\n\t\t<div class=\"jet-breadcrumbs__content\">\n\t\t<div class=\"jet-breadcrumbs__wrap\"><div class=\"jet-breadcrumbs__item\"><a href=\"https:\/\/poliklinikanatal.me\/tr\/\" class=\"jet-breadcrumbs__item-link is-home\" rel=\"home\" title=\"Ana Sayfa\">Ana Sayfa<\/a><\/div>\n\t\t<\/div>\n\t\t<\/div>\n\t\t<\/div><\/div>\t\t\t\t<\/div>\n\t\t\t\t<\/div>\n\t\t\t\t\t<\/div>\n\t\t\t\t<\/div>\n\t\t<div class=\"elementor-element elementor-element-0db2f9a e-flex e-con-boxed e-con e-parent\" data-id=\"0db2f9a\" data-element_type=\"container\" data-settings=\"{&quot;jet_parallax_layout_list&quot;:[]}\">\n\t\t\t\t\t<div class=\"e-con-inner\">\n\t\t<div class=\"elementor-element elementor-element-60746ca e-con-full e-flex elementor-invisible e-con e-child\" data-id=\"60746ca\" data-element_type=\"container\" data-settings=\"{&quot;jet_parallax_layout_list&quot;:[],&quot;animation&quot;:&quot;fadeInUp&quot;}\">\n\t\t\t\t<div class=\"elementor-element elementor-element-17d764f elementor-widget-divider--view-line elementor-widget elementor-widget-divider\" data-id=\"17d764f\" data-element_type=\"widget\" data-widget_type=\"divider.default\">\n\t\t\t\t\t\t\t<div class=\"elementor-divider\">\n\t\t\t<span class=\"elementor-divider-separator\">\n\t\t\t\t\t\t<\/span>\n\t\t<\/div>\n\t\t\t\t\t\t<\/div>\n\t\t\t\t<div class=\"elementor-element elementor-element-2bd0d5a elementor-widget elementor-widget-text-editor\" data-id=\"2bd0d5a\" data-element_type=\"widget\" data-widget_type=\"text-editor.default\">\n\t\t\t\t\t\t\t\t\t<h2>Bizimle \u0130leti\u015fime Ge\u00e7in<\/h2>\t\t\t\t\t\t\t\t<\/div>\n\t\t\t\t<div class=\"elementor-element elementor-element-3a754b2 elementor-widget elementor-widget-text-editor\" data-id=\"3a754b2\" data-element_type=\"widget\" data-widget_type=\"text-editor.default\">\n\t\t\t\t\t\t\t\t\t<p>Size yard\u0131mc\u0131 olmak i\u00e7in buraday\u0131z! Randevu alman\u0131z gerekiyorsa veya herhangi bir sorunuz ya da endi\u015feniz varsa, l\u00fctfen bizimle ileti\u015fime ge\u00e7iniz. <\/p>\t\t\t\t\t\t\t\t<\/div>\n\t\t\t\t<div class=\"elementor-element elementor-element-e753149 elementor-button-align-start elementor-widget elementor-widget-form\" data-id=\"e753149\" data-element_type=\"widget\" data-settings=\"{&quot;step_next_label&quot;:&quot;Sonraki&quot;,&quot;step_previous_label&quot;:&quot;\\u00d6nceki&quot;,&quot;button_width&quot;:&quot;100&quot;,&quot;step_type&quot;:&quot;number_text&quot;,&quot;step_icon_shape&quot;:&quot;circle&quot;}\" data-widget_type=\"form.default\">\n\t\t\t\t\t\t\t<form class=\"elementor-form\" method=\"post\" name=\"\u0130leti\u015fim Formu\" aria-label=\"\u0130leti\u015fim Formu\">\n\t\t\t<input type=\"hidden\" name=\"post_id\" value=\"3505\"\/>\n\t\t\t<input type=\"hidden\" name=\"form_id\" value=\"e753149\"\/>\n\t\t\t<input type=\"hidden\" name=\"referer_title\" value=\"\u0130leti\u015fim\" \/>\n\n\t\t\t\t\t\t\t<input type=\"hidden\" name=\"queried_id\" value=\"3505\"\/>\n\t\t\t\n\t\t\t<div class=\"elementor-form-fields-wrapper elementor-labels-\">\n\t\t\t\t\t\t\t\t<div class=\"elementor-field-type-text elementor-field-group elementor-column elementor-field-group-name elementor-col-50 elementor-field-required\">\n\t\t\t\t\t\t\t\t\t\t\t\t<label for=\"form-field-name\" class=\"elementor-field-label elementor-screen-only\">\n\t\t\t\t\t\t\t\tAd ve Soyad\t\t\t\t\t\t\t<\/label>\n\t\t\t\t\t\t\t\t\t\t\t\t\t\t<input size=\"1\" type=\"text\" name=\"form_fields[name]\" id=\"form-field-name\" class=\"elementor-field elementor-size-sm  elementor-field-textual\" placeholder=\"Ad\u0131n\u0131z ve soyad\u0131n\u0131z\" required=\"required\">\n\t\t\t\t\t\t\t\t\t\t\t<\/div>\n\t\t\t\t\t\t\t\t<div class=\"elementor-field-type-text elementor-field-group elementor-column elementor-field-group-field_ace7dde elementor-col-50 elementor-field-required\">\n\t\t\t\t\t\t\t\t\t\t\t\t<label for=\"form-field-field_ace7dde\" class=\"elementor-field-label elementor-screen-only\">\n\t\t\t\t\t\t\t\tTelefon Numaras\u0131\t\t\t\t\t\t\t<\/label>\n\t\t\t\t\t\t\t\t\t\t\t\t\t\t<input size=\"1\" type=\"text\" name=\"form_fields[field_ace7dde]\" id=\"form-field-field_ace7dde\" class=\"elementor-field elementor-size-sm  elementor-field-textual\" placeholder=\"Telefon Numaras\u0131\" required=\"required\">\n\t\t\t\t\t\t\t\t\t\t\t<\/div>\n\t\t\t\t\t\t\t\t<div class=\"elementor-field-type-email elementor-field-group elementor-column elementor-field-group-email elementor-col-50 elementor-field-required\">\n\t\t\t\t\t\t\t\t\t\t\t\t<label for=\"form-field-email\" class=\"elementor-field-label elementor-screen-only\">\n\t\t\t\t\t\t\t\tE-posta Adresi\t\t\t\t\t\t\t<\/label>\n\t\t\t\t\t\t\t\t\t\t\t\t\t\t<input size=\"1\" type=\"email\" name=\"form_fields[email]\" id=\"form-field-email\" class=\"elementor-field elementor-size-sm  elementor-field-textual\" placeholder=\"E-posta Adresi\" required=\"required\">\n\t\t\t\t\t\t\t\t\t\t\t<\/div>\n\t\t\t\t\t\t\t\t<div class=\"elementor-field-type-select elementor-field-group elementor-column elementor-field-group-field_2a7002f elementor-col-50\">\n\t\t\t\t\t\t\t\t\t\t\t\t<label for=\"form-field-field_2a7002f\" class=\"elementor-field-label elementor-screen-only\">\n\t\t\t\t\t\t\t\tAlan (iste\u011fe ba\u011fl\u0131)\t\t\t\t\t\t\t<\/label>\n\t\t\t\t\t\t\t\t<div class=\"elementor-field elementor-select-wrapper remove-before \">\n\t\t\t<div class=\"select-caret-down-wrapper\">\n\t\t\t\t<svg aria-hidden=\"true\" class=\"e-font-icon-svg e-eicon-caret-down\" viewBox=\"0 0 571.4 571.4\" xmlns=\"http:\/\/www.w3.org\/2000\/svg\"><path d=\"M571 393Q571 407 561 418L311 668Q300 679 286 679T261 668L11 418Q0 407 0 393T11 368 36 357H536Q550 357 561 368T571 393Z\"><\/path><\/svg>\t\t\t<\/div>\n\t\t\t<select name=\"form_fields[field_2a7002f]\" id=\"form-field-field_2a7002f\" class=\"elementor-field-textual elementor-size-sm\">\n\t\t\t\t\t\t\t\t\t<option value=\"Alan (iste\u011fe ba\u011fl\u0131)\">Alan (iste\u011fe ba\u011fl\u0131)<\/option>\n\t\t\t\t\t\t\t\t\t<option value=\"Jinekoloji\">Jinekoloji<\/option>\n\t\t\t\t\t\t\t\t\t<option value=\"Radyoloji\">Radyoloji<\/option>\n\t\t\t\t\t\t\t\t\t<option value=\"Dermatoloji\">Dermatoloji<\/option>\n\t\t\t\t\t\t\t\t\t<option value=\"\u0130\u00e7 Hastal\u0131klar\u0131\">\u0130\u00e7 Hastal\u0131klar\u0131<\/option>\n\t\t\t\t\t\t\t\t\t<option value=\"Cerrahi Poliklini\u011fi\">Cerrahi Poliklini\u011fi<\/option>\n\t\t\t\t\t\t\t\t\t<option value=\"Kulak Burun Bo\u011faz\">Kulak Burun Bo\u011faz<\/option>\n\t\t\t\t\t\t\t\t\t<option value=\"N\u00fckleer T\u0131p\">N\u00fckleer T\u0131p<\/option>\n\t\t\t\t\t\t\t\t\t<option value=\"N\u00f6roloji\">N\u00f6roloji<\/option>\n\t\t\t\t\t\t\t\t\t<option value=\"Pediatri\">Pediatri<\/option>\n\t\t\t\t\t\t\t\t\t<option value=\"Laboratuvar\">Laboratuvar<\/option>\n\t\t\t\t\t\t\t<\/select>\n\t\t<\/div>\n\t\t\t\t\t\t<\/div>\n\t\t\t\t\t\t\t\t<div class=\"elementor-field-type-textarea elementor-field-group elementor-column elementor-field-group-message elementor-col-100\">\n\t\t\t\t\t\t\t\t\t\t\t\t<label for=\"form-field-message\" class=\"elementor-field-label elementor-screen-only\">\n\t\t\t\t\t\t\t\tMesaj\t\t\t\t\t\t\t<\/label>\n\t\t\t\t\t\t<textarea class=\"elementor-field-textual elementor-field  elementor-size-sm\" name=\"form_fields[message]\" id=\"form-field-message\" rows=\"4\" placeholder=\"Mesaj\u0131n\u0131z\u0131 yaz\u0131n\"><\/textarea>\t\t\t\t<\/div>\n\t\t\t\t\t\t\t\t<div class=\"elementor-field-type-recaptcha_v3 elementor-field-group elementor-column elementor-field-group-field_60a918c elementor-col-100 recaptcha_v3-bottomright\">\n\t\t\t\t\t<div class=\"elementor-field\" id=\"form-field-field_60a918c\"><div class=\"elementor-g-recaptcha\" data-sitekey=\"6Ld-fyUsAAAAAMA6pRqS5fU9j3vxRZx0OlC4yDU6\" data-type=\"v3\" data-action=\"Form\" data-badge=\"bottomright\" data-size=\"invisible\"><\/div><\/div>\t\t\t\t<\/div>\n\t\t\t\t\t\t\t\t<div class=\"elementor-field-group elementor-column elementor-field-type-submit elementor-col-100 e-form__buttons\">\n\t\t\t\t\t<button class=\"elementor-button elementor-size-sm\" type=\"submit\">\n\t\t\t\t\t\t<span class=\"elementor-button-content-wrapper\">\n\t\t\t\t\t\t\t\t\t\t\t\t\t\t\t\t\t\t\t\t\t\t<span class=\"elementor-button-text\">Mesaj G\u00f6nderin<\/span>\n\t\t\t\t\t\t\t\t\t\t\t\t\t<\/span>\n\t\t\t\t\t<\/button>\n\t\t\t\t<\/div>\n\t\t\t<\/div>\n\t\t<\/form>\n\t\t\t\t\t\t<\/div>\n\t\t<div class=\"elementor-element elementor-element-e0e48a5 e-con-full e-flex e-con e-child\" data-id=\"e0e48a5\" data-element_type=\"container\" data-settings=\"{&quot;jet_parallax_layout_list&quot;:[]}\">\n\t\t\t\t<div class=\"elementor-element elementor-element-2ad2643 elementor-widget elementor-widget-google_maps\" data-id=\"2ad2643\" data-element_type=\"widget\" data-widget_type=\"google_maps.default\">\n\t\t\t\t\t\t\t<div class=\"elementor-custom-embed\">\n\t\t\t<iframe loading=\"lazy\"\n\t\t\t\t\tsrc=\"https:\/\/maps.google.com\/maps?q=poliklinika%20natal&#038;t=m&#038;z=10&#038;output=embed&#038;iwloc=near\"\n\t\t\t\t\ttitle=\"poliklinika natal\"\n\t\t\t\t\taria-label=\"poliklinika natal\"\n\t\t\t><\/iframe>\n\t\t<\/div>\n\t\t\t\t\t\t<\/div>\n\t\t\t\t<div class=\"elementor-element elementor-element-246d58d elementor-hidden-desktop elementor-hidden-tablet elementor-hidden-mobile elementor-widget elementor-widget-google_maps\" data-id=\"246d58d\" data-element_type=\"widget\" data-widget_type=\"google_maps.default\">\n\t\t\t\t\t\t\t<div class=\"elementor-custom-embed\">\n\t\t\t<iframe loading=\"lazy\"\n\t\t\t\t\tsrc=\"https:\/\/maps.google.com\/maps?q=natal%20kids&#038;t=m&#038;z=10&#038;output=embed&#038;iwloc=near\"\n\t\t\t\t\ttitle=\"natal kids\"\n\t\t\t\t\taria-label=\"natal kids\"\n\t\t\t><\/iframe>\n\t\t<\/div>\n\t\t\t\t\t\t<\/div>\n\t\t\t\t<\/div>\n\t\t\t\t<\/div>\n\t\t\t\t\t<\/div>\n\t\t\t\t<\/div>\n\t\t\t\t<\/div>\n\t\t","protected":false},"excerpt":{"rendered":"<p>\u0130leti\u015fim Po\u010detna Bizimle \u0130leti\u015fime Ge\u00e7in Size yard\u0131mc\u0131 olmak i\u00e7in buraday\u0131z! Randevu alman\u0131z gerekiyorsa veya herhangi bir sorunuz ya da endi\u015feniz varsa, l\u00fctfen bizimle ileti\u015fime ge\u00e7iniz.<\/p>\n","protected":false},"author":1,"featured_media":2024,"parent":0,"menu_order":0,"comment_status":"closed","ping_status":"closed","template":"","meta":{"_seopress_robots_primary_cat":"","_seopress_titles_title":"","_seopress_titles_desc":"","_seopress_robots_index":"","footnotes":""},"class_list":["post-3505","page","type-page","status-publish","has-post-thumbnail","hentry"],"_links":{"self":[{"href":"https:\/\/poliklinikanatal.me\/tr\/wp-json\/wp\/v2\/pages\/3505","targetHints":{"allow":["GET"]}}],"collection":[{"href":"https:\/\/poliklinikanatal.me\/tr\/wp-json\/wp\/v2\/pages"}],"about":[{"href":"https:\/\/poliklinikanatal.me\/tr\/wp-json\/wp\/v2\/types\/page"}],"author":[{"embeddable":true,"href":"https:\/\/poliklinikanatal.me\/tr\/wp-json\/wp\/v2\/users\/1"}],"replies":[{"embeddable":true,"href":"https:\/\/poliklinikanatal.me\/tr\/wp-json\/wp\/v2\/comments?post=3505"}],"version-history":[{"count":4,"href":"https:\/\/poliklinikanatal.me\/tr\/wp-json\/wp\/v2\/pages\/3505\/revisions"}],"predecessor-version":[{"id":4057,"href":"https:\/\/poliklinikanatal.me\/tr\/wp-json\/wp\/v2\/pages\/3505\/revisions\/4057"}],"wp:featuredmedia":[{"embeddable":true,"href":"https:\/\/poliklinikanatal.me\/tr\/wp-json\/wp\/v2\/media\/2024"}],"wp:attachment":[{"href":"https:\/\/poliklinikanatal.me\/tr\/wp-json\/wp\/v2\/media?parent=3505"}],"curies":[{"name":"wp","href":"https:\/\/api.w.org\/{rel}","templated":true}]}}